{"id":62,"date":"2014-12-16T16:14:32","date_gmt":"2014-12-16T16:14:32","guid":{"rendered":"https:\/\/adipac.es\/home"},"modified":"2025-07-10T10:27:17","modified_gmt":"2025-07-10T10:27:17","slug":"home","status":"publish","type":"page","link":"https:\/\/adipac.es\/","title":{"rendered":"Inicio"},"content":{"rendered":"<p><\/p>\n\n<!-- wp:themify-builder\/canvas \/-->\n\n\n<p><\/p>\n","protected":false},"excerpt":{"rendered":"","protected":false},"author":1,"featured_media":0,"parent":0,"menu_order":0,"comment_status":"closed","ping_status":"closed","template":"","meta":{"footnotes":""},"class_list":["post-62","page","type-page","status-publish","hentry","has-post-title","has-post-date","has-post-category","has-post-tag","has-post-comment","has-post-author",""],"builder_content":"<h1><strong>Bolsas textiles<\/strong><\/h1>\n<h1><strong>FABRICACION<\/strong><\/h1>\n<h3><strong>Fabricamos y exportamos bolsas textiles para publicidad y packaging en distintos tejidos como algod\u00f3n, poliester, polipropileno y tejidos reciclados, con diferentes texturas, gramajes y colores, y personalizadas a medida de cada cliente.<\/strong><\/h3>\n<h1><strong>PERSONALIZACION<\/strong><\/h1>\n<h3><strong>Todos nuestros productos se fabrican personalizados en funci\u00f3n del dise\u00f1o de cada cliente en cuanto a medidas, colores, tipo de cierre (cordones, cintas, velcro, cremallera) e impresi\u00f3n con serigraf\u00eda, impresi\u00f3n digital y transfer DTF.<\/strong><\/h3>\n<h1><strong>CLIENTES<\/strong><\/h1>\n<h3><strong>Fabricamos tote bags, bolsas con cordones, neceseres, mochilas y fundas, contando como clientes con importantes marcas en distintos sectores como moda, calzado, joyer\u00eda y cosm\u00e9tica de distintos pa\u00edses de Europa.<\/strong><\/h3>\n<h1><strong>EMPRESA<\/strong><\/h1>\n<h3><strong>Contamos con la maquinaria y mano de obra necesaria para fabricar nuestros productos en las etapas de corte por ordenador, confecci\u00f3n e impresi\u00f3n, lo que nos permite ofrecer unos art\u00edculos con una alta calidad, precios competitivos y con flexibilidad en dise\u00f1os, cantidades y fechas de servicio, con una producci\u00f3n integral en Espa\u00f1a.<\/strong><\/h3>","_links":{"self":[{"href":"https:\/\/adipac.es\/index.php?rest_route=\/wp\/v2\/pages\/62","targetHints":{"allow":["GET"]}}],"collection":[{"href":"https:\/\/adipac.es\/index.php?rest_route=\/wp\/v2\/pages"}],"about":[{"href":"https:\/\/adipac.es\/index.php?rest_route=\/wp\/v2\/types\/page"}],"author":[{"embeddable":true,"href":"https:\/\/adipac.es\/index.php?rest_route=\/wp\/v2\/users\/1"}],"replies":[{"embeddable":true,"href":"https:\/\/adipac.es\/index.php?rest_route=%2Fwp%2Fv2%2Fcomments&post=62"}],"version-history":[{"count":84,"href":"https:\/\/adipac.es\/index.php?rest_route=\/wp\/v2\/pages\/62\/revisions"}],"predecessor-version":[{"id":344,"href":"https:\/\/adipac.es\/index.php?rest_route=\/wp\/v2\/pages\/62\/revisions\/344"}],"wp:attachment":[{"href":"https:\/\/adipac.es\/index.php?rest_route=%2Fwp%2Fv2%2Fmedia&parent=62"}],"curies":[{"name":"wp","href":"https:\/\/api.w.org\/{rel}","templated":true}]}}